{"id":260,"date":"2014-11-27T15:38:11","date_gmt":"2014-11-27T13:38:11","guid":{"rendered":"http:\/\/ausstellungdfi.kastanie-eins.de\/?page_id=260"},"modified":"2015-08-25T18:02:06","modified_gmt":"2015-08-25T16:02:06","slug":"ereignisse","status":"publish","type":"page","link":"https:\/\/zeitzeugen-ludwigsburg-montbeliard.de\/fr\/ereignisse\/","title":{"rendered":"\u00c9v\u00e9nements"},"content":{"rendered":"<p>Dans la longue liste des \u00e9v\u00e9nements li\u00e9s au jumelage apparaissent des jalons : le <a href=\"http:\/\/zeitzeugen-ludwigsburg-montbeliard.de\/ereignis\/erster-schueleraustausch\/\">premier \u00e9change scolaire<\/a> en 1959, <a href=\"http:\/\/zeitzeugen-ludwigsburg-montbeliard.de\/ereignis\/unterzeichnung-der-offiziellen-urkunde-zur-partnerschaft\/\">la signature officielle du jumelage<\/a> en 1962 ou encore la <a href=\"http:\/\/zeitzeugen-ludwigsburg-montbeliard.de\/ereignis\/einweihung-la-vigne-de-la-rue-des-acacias\/\">plantation commune de vignes<\/a> \u00e0 Montb\u00e9liard en 2008.<\/p>\n<p>\u00c0 c\u00f4t\u00e9 de ces grands \u00e9v\u00e9nements ont eu lieu naturellement d\u2019autres rencontres de moindre importance entre citoyens des deux villes, ce qui a form\u00e9 un jumelage vivant. Pour ne pas les laisser passer \u00e0 la trappe, nous avons rassembl\u00e9 des \u00e9v\u00e9nements concernant des activit\u00e9s d\u2019\u00e9change qui se sont d\u00e9roul\u00e9es des ann\u00e9es durant, comme, par exemple, les <a href=\"http:\/\/zeitzeugen-ludwigsburg-montbeliard.de\/ereignis\/camper-treffen-in-montbeliard\/\">rencontres entre campeurs<\/a>, les <a href=\"http:\/\/zeitzeugen-ludwigsburg-montbeliard.de\/ereignis\/technologieklasse-zu-automobil-und-umwelt\/\">classes de d\u00e9couverte technologique<\/a> ou encore les <a href=\"http:\/\/zeitzeugen-ludwigsburg-montbeliard.de\/ereignis\/verwaltungsaustausch\/\">\u00e9changes entre administrations<\/a> mis en place dans les ann\u00e9es 70.<br \/>\nTous ces \u00e9v\u00e9nements ont \u00e9t\u00e9 class\u00e9s et accompagn\u00e9s de documents en relation tels que des articles de journaux, des lettres, des photos et naturellement des observations des t\u00e9moins. Presque tous les \u00e9v\u00e9nements sont, de plus, class\u00e9s en sous-th\u00e8mes : jumelage officiel, \u00e9changes culturels et entre habitants, \u00e9changes scolaires, \u00e9changes sportifs, et coop\u00e9ration entre administrations.<\/p>","protected":false},"excerpt":{"rendered":"<p>Dans la longue liste des \u00e9v\u00e9nements li\u00e9s au jumelage apparaissent des jalons : le premier \u00e9change scolaire en 1959, la signature officielle du jumelage en 1962 ou encore la plantation commune de vignes \u00e0 Montb\u00e9liard en 2008. \u00c0 c\u00f4t\u00e9 de&#8230;<a class=\"more-link\" href=\"https:\/\/zeitzeugen-ludwigsburg-montbeliard.de\/fr\/ereignisse\/\">Mehr erfahren<\/a><\/p>\n","protected":false},"author":1,"featured_media":0,"parent":0,"menu_order":0,"comment_status":"closed","ping_status":"open","template":"page-ereignissse.php","meta":[],"_links":{"self":[{"href":"https:\/\/zeitzeugen-ludwigsburg-montbeliard.de\/fr\/wp-json\/wp\/v2\/pages\/260"}],"collection":[{"href":"https:\/\/zeitzeugen-ludwigsburg-montbeliard.de\/fr\/wp-json\/wp\/v2\/pages"}],"about":[{"href":"https:\/\/zeitzeugen-ludwigsburg-montbeliard.de\/fr\/wp-json\/wp\/v2\/types\/page"}],"author":[{"embeddable":true,"href":"https:\/\/zeitzeugen-ludwigsburg-montbeliard.de\/fr\/wp-json\/wp\/v2\/users\/1"}],"replies":[{"embeddable":true,"href":"https:\/\/zeitzeugen-ludwigsburg-montbeliard.de\/fr\/wp-json\/wp\/v2\/comments?post=260"}],"version-history":[{"count":8,"href":"https:\/\/zeitzeugen-ludwigsburg-montbeliard.de\/fr\/wp-json\/wp\/v2\/pages\/260\/revisions"}],"predecessor-version":[{"id":5150,"href":"https:\/\/zeitzeugen-ludwigsburg-montbeliard.de\/fr\/wp-json\/wp\/v2\/pages\/260\/revisions\/5150"}],"wp:attachment":[{"href":"https:\/\/zeitzeugen-ludwigsburg-montbeliard.de\/fr\/wp-json\/wp\/v2\/media?parent=260"}],"curies":[{"name":"wp","href":"https:\/\/api.w.org\/{rel}","templated":true}]}}