{"id":256,"date":"2014-11-27T15:37:32","date_gmt":"2014-11-27T13:37:32","guid":{"rendered":"http:\/\/ausstellungdfi.kastanie-eins.de\/?page_id=256"},"modified":"2015-08-27T22:04:36","modified_gmt":"2015-08-27T20:04:36","slug":"themen","status":"publish","type":"page","link":"https:\/\/zeitzeugen-ludwigsburg-montbeliard.de\/fr\/themen\/","title":{"rendered":"Sujets"},"content":{"rendered":"<p>Les th\u00e8mes correspondent aux diff\u00e9rentes activit\u00e9s au sein du jumelage : le jumelage officiel du d\u00e9but en 1950 jusqu\u2019\u00e0 son dernier anniversaire en 2010, l\u2019\u00e9change sportif du premier match de foot entre les \u00e9quipes juniors de Ludwigsburg et de Montb\u00e9liard de 1950 \u00e0 aujourd\u2019hui, les \u00e9changes scolaires depuis 1959 et les \u00e9changes culturels depuis le premier concert commun du Diairi et de l\u2019Harmonika Spielring en 1959. D\u2019autres th\u00e8mes sont \u00e0 retrouver \u00e0 partir des ann\u00e9es 70, notamment l\u2019\u00e9change entre administrations, l\u2019histoire de Montb\u00e9liard qui faisait partie du duch\u00e9 de Wurtemberg de 1407 \u00e0 1793 ou encore l\u2019avis des t\u00e9moins sur le pass\u00e9 et l\u2019avenir du jumelage.<\/p>","protected":false},"excerpt":{"rendered":"<p>Les th\u00e8mes correspondent aux diff\u00e9rentes activit\u00e9s au sein du jumelage : le jumelage officiel du d\u00e9but en 1950 jusqu\u2019\u00e0 son dernier anniversaire en 2010, l\u2019\u00e9change sportif du premier match de foot entre les \u00e9quipes juniors de Ludwigsburg et de Montb\u00e9liard&#8230;<a class=\"more-link\" href=\"https:\/\/zeitzeugen-ludwigsburg-montbeliard.de\/fr\/themen\/\">Mehr erfahren<\/a><\/p>\n","protected":false},"author":1,"featured_media":0,"parent":0,"menu_order":0,"comment_status":"closed","ping_status":"open","template":"page-themen.php","meta":[],"_links":{"self":[{"href":"https:\/\/zeitzeugen-ludwigsburg-montbeliard.de\/fr\/wp-json\/wp\/v2\/pages\/256"}],"collection":[{"href":"https:\/\/zeitzeugen-ludwigsburg-montbeliard.de\/fr\/wp-json\/wp\/v2\/pages"}],"about":[{"href":"https:\/\/zeitzeugen-ludwigsburg-montbeliard.de\/fr\/wp-json\/wp\/v2\/types\/page"}],"author":[{"embeddable":true,"href":"https:\/\/zeitzeugen-ludwigsburg-montbeliard.de\/fr\/wp-json\/wp\/v2\/users\/1"}],"replies":[{"embeddable":true,"href":"https:\/\/zeitzeugen-ludwigsburg-montbeliard.de\/fr\/wp-json\/wp\/v2\/comments?post=256"}],"version-history":[{"count":11,"href":"https:\/\/zeitzeugen-ludwigsburg-montbeliard.de\/fr\/wp-json\/wp\/v2\/pages\/256\/revisions"}],"predecessor-version":[{"id":5293,"href":"https:\/\/zeitzeugen-ludwigsburg-montbeliard.de\/fr\/wp-json\/wp\/v2\/pages\/256\/revisions\/5293"}],"wp:attachment":[{"href":"https:\/\/zeitzeugen-ludwigsburg-montbeliard.de\/fr\/wp-json\/wp\/v2\/media?parent=256"}],"curies":[{"name":"wp","href":"https:\/\/api.w.org\/{rel}","templated":true}]}}